{"id":208804,"date":"2022-09-06T18:49:38","date_gmt":"2022-09-06T18:49:38","guid":{"rendered":"https:\/\/www.protesegecu.com\/?page_id=208804"},"modified":"2022-10-06T14:18:55","modified_gmt":"2022-10-06T14:18:55","slug":"contactarnos","status":"publish","type":"page","link":"https:\/\/www.protesegecu.com\/?page_id=208804","title":{"rendered":"Cont\u00e1ctanos"},"content":{"rendered":"<p>[et_pb_section fb_built=\u00bb1&#8243; _builder_version=\u00bb4.18.0&#8243; _module_preset=\u00bbdefault\u00bb background_image=\u00bbhttps:\/\/www.protesegecu.com\/wp-content\/uploads\/2022\/08\/vallfirest.jpeg\u00bb parallax=\u00bbon\u00bb min_height=\u00bb649px\u00bb global_colors_info=\u00bb{}\u00bb][et_pb_row column_structure=\u00bb1_3,1_3,1_3&#8243; _builder_version=\u00bb4.18.0&#8243; _module_preset=\u00bbdefault\u00bb global_colors_info=\u00bb{}\u00bb][et_pb_column type=\u00bb1_3&#8243; _builder_version=\u00bb4.18.0&#8243; _module_preset=\u00bbdefault\u00bb global_colors_info=\u00bb{}\u00bb][et_pb_text _builder_version=\u00bb4.18.0&#8243; _module_preset=\u00bbdefault\u00bb transform_scale=\u00bb275%|275%\u00bb global_colors_info=\u00bb{}\u00bb]<\/p>\n<h1><span style=\"color: #ffffff;\"><strong>Cont\u00e1ctanos<\/strong><\/span><\/h1>\n<p>[\/et_pb_text][\/et_pb_column][et_pb_column type=\u00bb1_3&#8243; _builder_version=\u00bb4.18.0&#8243; _module_preset=\u00bbdefault\u00bb global_colors_info=\u00bb{}\u00bb][\/et_pb_column][et_pb_column type=\u00bb1_3&#8243; _builder_version=\u00bb4.18.0&#8243; _module_preset=\u00bbdefault\u00bb global_colors_info=\u00bb{}\u00bb][et_pb_image src=\u00bbhttps:\/\/www.protesegecu.com\/wp-content\/uploads\/2022\/08\/prote2Mesa-de-trabajo-1@2x.png\u00bb title_text=\u00bbLogo Proteseg Seguridad\u00bb _builder_version=\u00bb4.18.0&#8243; _module_preset=\u00bbdefault\u00bb transform_scale=\u00bb130%|130%\u00bb transform_translate=\u00bb210px|-82px\u00bb transform_translate_linked=\u00bboff\u00bb animation_style=\u00bbfade\u00bb global_colors_info=\u00bb{}\u00bb][\/et_pb_image][\/et_pb_column][\/et_pb_row][\/et_pb_section][et_pb_section fb_built=\u00bb1&#8243; admin_label=\u00bbCall to Action\u00bb _builder_version=\u00bb4.18.0&#8243; _module_preset=\u00bbdefault\u00bb background_color=\u00bb#FFFFFF\u00bb global_colors_info=\u00bb{}\u00bb][et_pb_row _builder_version=\u00bb4.18.0&#8243; _module_preset=\u00bbdefault\u00bb max_width=\u00bb700px\u00bb global_colors_info=\u00bb{}\u00bb][et_pb_column type=\u00bb4_4&#8243; _builder_version=\u00bb4.18.0&#8243; _module_preset=\u00bbdefault\u00bb global_colors_info=\u00bb{}\u00bb][et_pb_icon font_icon=\u00bb&#xf4d7;||fa||900&#8243; icon_color=\u00bb#E02B20&#8243; _builder_version=\u00bb4.16&#8243; _module_preset=\u00bbdefault\u00bb global_colors_info=\u00bb{}\u00bb][\/et_pb_icon][et_pb_text _builder_version=\u00bb4.16&#8243; _module_preset=\u00bb29bb3e4b-c4aa-4616-b935-758c4e4734e8&#8243; header_3_font=\u00bbOutfit|600|||||||\u00bb header_3_text_color=\u00bb#FFFFFF\u00bb header_3_font_size=\u00bb36px\u00bb header_3_line_height=\u00bb1.35em\u00bb text_orientation=\u00bbcenter\u00bb header_3_font_size_tablet=\u00bb20px\u00bb header_3_font_size_phone=\u00bb16px\u00bb header_3_font_size_last_edited=\u00bbon|phone\u00bb inline_fonts=\u00bbArial\u00bb global_colors_info=\u00bb{}\u00bb]<\/p>\n<h3><span style=\"color: #000000;\"><strong><span style=\"font-family: Arial;\">Calle sin retorno y Gonzales Suarez Urbanizaci\u00f3n Martina 2<\/span><\/strong><\/span><\/h3>\n<p>[\/et_pb_text][\/et_pb_column][\/et_pb_row][\/et_pb_section][et_pb_section fb_built=\u00bb1&#8243; admin_label=\u00bbStats\u00bb _builder_version=\u00bb4.18.0&#8243; _module_preset=\u00bbdefault\u00bb background_color=\u00bb#000000&#8243; z_index=\u00bb10&#8243; global_colors_info=\u00bb{}\u00bb][et_pb_row _builder_version=\u00bb4.16&#8243; _module_preset=\u00bbdefault\u00bb global_colors_info=\u00bb{}\u00bb][et_pb_column type=\u00bb4_4&#8243; _builder_version=\u00bb4.16&#8243; _module_preset=\u00bbdefault\u00bb global_colors_info=\u00bb{}\u00bb][et_pb_text _builder_version=\u00bb4.18.0&#8243; _module_preset=\u00bbb6cb9bd8-0fbd-4699-b58d-51b3d480db23&#8243; text_font_size=\u00bb12px\u00bb header_text_color=\u00bb#FFFFFF\u00bb header_2_font=\u00bbOutfit|600|||||||\u00bb header_2_text_color=\u00bb#FFFFFF\u00bb header_2_font_size=\u00bb126px\u00bb header_2_line_height=\u00bb1.2em\u00bb transform_scale=\u00bb225%|225%\u00bb transform_translate=\u00bb300px|0px\u00bb transform_translate_linked=\u00bboff\u00bb width=\u00bb100%\u00bb custom_padding=\u00bb|0px||||\u00bb header_2_font_size_tablet=\u00bb32px\u00bb header_2_font_size_phone=\u00bb20px\u00bb header_2_font_size_last_edited=\u00bbon|desktop\u00bb locked=\u00bboff\u00bb inline_fonts=\u00bbArial\u00bb global_colors_info=\u00bb{}\u00bb]<\/p>\n<h1><span data-metadata=\"&lt;!--(figmeta)eyJmaWxlS2V5IjoiQzhsRDBPYzJscUVuejFRSFYzUUN2ZiIsInBhc3RlSUQiOjE2MzM4MDExNzgsImRhdGFUeXBlIjoic2NlbmUifQo=(\/figmeta)--&gt;\"><\/span><strong><span style=\"font-family: Arial;\">Ratio de Respuesta<\/span><\/strong><\/h1>\n<h3><span><\/span><\/h3>\n<p>[\/et_pb_text][\/et_pb_column][\/et_pb_row][et_pb_row column_structure=\u00bb1_4,1_4,1_2&#8243; _builder_version=\u00bb4.16&#8243; _module_preset=\u00bbdefault\u00bb hover_enabled=\u00bb0&#8243; global_colors_info=\u00bb{}\u00bb sticky_enabled=\u00bb0&#8243;][et_pb_column type=\u00bb1_4&#8243; _builder_version=\u00bb4.16&#8243; _module_preset=\u00bbdefault\u00bb hover_enabled=\u00bb0&#8243; global_colors_info=\u00bb{}\u00bb sticky_enabled=\u00bb0&#8243;][et_pb_number_counter title=\u00bbSatisfacci\u00f3n de nuestros clientes\u00bb number=\u00bb98&#8243; _builder_version=\u00bb4.18.0&#8243; _module_preset=\u00bbdefault\u00bb title_font=\u00bbOutfit||||||||\u00bb title_text_color=\u00bb#FFFFFF\u00bb number_font=\u00bbOutfit|600|||||||\u00bb number_text_color=\u00bb#7CDA24&#8243; text_orientation=\u00bbleft\u00bb hover_enabled=\u00bb0&#8243; text_shadow_style=\u00bbpreset5&#8243; global_colors_info=\u00bb{}\u00bb sticky_enabled=\u00bb0&#8243;][\/et_pb_number_counter][\/et_pb_column][et_pb_column type=\u00bb1_4&#8243; _builder_version=\u00bb4.16&#8243; _module_preset=\u00bbdefault\u00bb global_colors_info=\u00bb{}\u00bb][et_pb_number_counter title=\u00bbRespuestas\u00bb number=\u00bb99&#8243; _builder_version=\u00bb4.18.0&#8243; _module_preset=\u00bbdefault\u00bb title_font=\u00bbOutfit||||||||\u00bb title_text_color=\u00bb#FFFFFF\u00bb number_font=\u00bbOutfit|600|||||||\u00bb number_text_color=\u00bb#7CDA24&#8243; text_orientation=\u00bbleft\u00bb text_shadow_style=\u00bbpreset5&#8243; locked=\u00bboff\u00bb global_colors_info=\u00bb{}\u00bb][\/et_pb_number_counter][\/et_pb_column][et_pb_column type=\u00bb1_2&#8243; _builder_version=\u00bb4.16&#8243; _module_preset=\u00bbdefault\u00bb global_colors_info=\u00bb{}\u00bb][et_pb_text _builder_version=\u00bb4.16&#8243; _module_preset=\u00bb29bb3e4b-c4aa-4616-b935-758c4e4734e8&#8243; header_3_font=\u00bbOutfit|600|||||||\u00bb header_3_text_color=\u00bb#FFFFFF\u00bb header_3_font_size=\u00bb36px\u00bb header_3_line_height=\u00bb1.35em\u00bb header_3_font_size_tablet=\u00bb20px\u00bb header_3_font_size_phone=\u00bb16px\u00bb header_3_font_size_last_edited=\u00bbon|phone\u00bb locked=\u00bboff\u00bb inline_fonts=\u00bbArial\u00bb global_colors_info=\u00bb{}\u00bb]<\/p>\n<h4><span style=\"font-family: Arial; font-weight: normal; color: #ffffff;\">Tienes alguna consulta o duda en la que podamos ayudarte? para una atenci\u00f3n m\u00e1s r\u00e1pida y personalizada cont\u00e1ctanos directamente a nuestro n\u00famero y nuestros asesores se comunicar\u00e1n contigo de inmediato.<\/span><\/h4>\n<p>[\/et_pb_text][et_pb_button button_url=\u00bbhttps:\/\/wa.me\/message\/ACUKX3RFZWQQM1&#8243; url_new_window=\u00bbon\u00bb button_text=\u00bbContactar\u00bb _builder_version=\u00bb4.18.0&#8243; _module_preset=\u00bba30b17d4-93ca-4e94-b60e-0fad32ebe2b5&#8243; custom_button=\u00bbon\u00bb button_text_size=\u00bb14px\u00bb button_text_color=\u00bb#FFFFFF\u00bb button_bg_color=\u00bb#7CDA24&#8243; button_border_width=\u00bb0px\u00bb button_border_radius=\u00bb0px\u00bb button_letter_spacing=\u00bb0.05em\u00bb button_font=\u00bb|600|||||||\u00bb custom_padding=\u00bb16px|32px|16px|32px|true|true\u00bb global_colors_info=\u00bb{}\u00bb][\/et_pb_button][\/et_pb_column][\/et_pb_row][\/et_pb_section][et_pb_section fb_built=\u00bb1&#8243; admin_label=\u00bbDevice\u00bb _builder_version=\u00bb4.18.0&#8243; _module_preset=\u00bbdefault\u00bb background_enable_image=\u00bboff\u00bb custom_padding=\u00bb0px||0px|||\u00bb global_colors_info=\u00bb{}\u00bb][et_pb_row _builder_version=\u00bb4.16&#8243; _module_preset=\u00bbdefault\u00bb positioning=\u00bbabsolute\u00bb width=\u00bb100%\u00bb max_width=\u00bbnone\u00bb overflow-x=\u00bbhidden\u00bb overflow-y=\u00bbhidden\u00bb custom_padding=\u00bb0px||0px|||\u00bb global_colors_info=\u00bb{}\u00bb][et_pb_column type=\u00bb4_4&#8243; _builder_version=\u00bb4.16&#8243; _module_preset=\u00bbdefault\u00bb global_colors_info=\u00bb{}\u00bb][et_pb_text _builder_version=\u00bb4.16&#8243; _module_preset=\u00bbdefault\u00bb text_font=\u00bbOutfit|900||on|||||\u00bb text_text_color=\u00bb#000000&#8243; text_font_size=\u00bb45vw\u00bb text_line_height=\u00bb0.65em\u00bb header_4_line_height=\u00bb1.5em\u00bb position_origin_a=\u00bbtop_center\u00bb text_orientation=\u00bbcenter\u00bb custom_margin=\u00bb|-4vw||-4vw|false|true\u00bb header_font_size_tablet=\u00bb55px\u00bb header_font_size_last_edited=\u00bboff|desktop\u00bb header_4_font_size_tablet=\u00bb\u00bb header_4_font_size_phone=\u00bb15px\u00bb header_4_font_size_last_edited=\u00bbon|tablet\u00bb global_colors_info=\u00bb{}\u00bb]<\/p>\n<p>Ride<\/p>\n<p>[\/et_pb_text][\/et_pb_column][\/et_pb_row][et_pb_row _builder_version=\u00bb4.18.0&#8243; _module_preset=\u00bbdefault\u00bb width=\u00bb100%\u00bb max_width=\u00bbnone\u00bb overflow-x=\u00bbvisible\u00bb overflow-y=\u00bbvisible\u00bb custom_padding=\u00bb0px||0px|||\u00bb global_colors_info=\u00bb{}\u00bb][et_pb_column type=\u00bb4_4&#8243; _builder_version=\u00bb4.18.0&#8243; _module_preset=\u00bbdefault\u00bb global_colors_info=\u00bb{}\u00bb][et_pb_image src=\u00bbhttps:\/\/www.protesegecu.com\/wp-content\/uploads\/2022\/09\/Contacto-Proteseg.jpg\u00bb alt=\u00bbPROTESEG SEGURIDAD\u00bb title_text=\u00bbContacto Proteseg\u00bb align=\u00bbcenter\u00bb _builder_version=\u00bb4.18.0&#8243; _module_preset=\u00bbdefault\u00bb background_image=\u00bbhttps:\/\/www.protesegecu.com\/wp-content\/uploads\/2022\/08\/scooter-rental-04.png\u00bb background_size=\u00bbcontain\u00bb width=\u00bb70%\u00bb module_alignment=\u00bbcenter\u00bb max_height=\u00bb790px\u00bb custom_margin=\u00bb||-8vw||false|false\u00bb custom_padding=\u00bb8%|20%|4%|20%|false|true\u00bb border_radii=\u00bbon|70px|70px|70px|70px\u00bb border_width_all=\u00bb30px\u00bb border_color_all=\u00bb#2b2b2b\u00bb box_shadow_style=\u00bbpreset1&#8243; box_shadow_blur=\u00bb150px\u00bb box_shadow_color=\u00bbrgba(0,0,0,0.8)\u00bb global_colors_info=\u00bb{}\u00bb][\/et_pb_image][\/et_pb_column][\/et_pb_row][\/et_pb_section][et_pb_section fb_built=\u00bb1&#8243; admin_label=\u00bbCall to Action\u00bb _builder_version=\u00bb4.16&#8243; _module_preset=\u00bbdefault\u00bb background_color=\u00bb#000000&#8243; custom_padding=\u00bb8vw||||false|false\u00bb locked=\u00bboff\u00bb global_colors_info=\u00bb{}\u00bb][et_pb_row _builder_version=\u00bb4.16&#8243; _module_preset=\u00bbdefault\u00bb global_colors_info=\u00bb{}\u00bb][et_pb_column type=\u00bb4_4&#8243; _builder_version=\u00bb4.16&#8243; _module_preset=\u00bbdefault\u00bb global_colors_info=\u00bb{}\u00bb][et_pb_text _builder_version=\u00bb4.16&#8243; _module_preset=\u00bbb6cb9bd8-0fbd-4699-b58d-51b3d480db23&#8243; header_2_font=\u00bbOutfit|600|||||||\u00bb header_2_text_color=\u00bb#FFFFFF\u00bb header_2_font_size=\u00bb56px\u00bb header_2_line_height=\u00bb1.2em\u00bb text_orientation=\u00bbcenter\u00bb header_2_font_size_tablet=\u00bb32px\u00bb header_2_font_size_phone=\u00bb20px\u00bb header_2_font_size_last_edited=\u00bbon|desktop\u00bb inline_fonts=\u00bbArial\u00bb global_colors_info=\u00bb{}\u00bb]<\/p>\n<h2><strong><span style=\"font-family: Arial;\">Un gusto atenderte<\/span><\/strong><\/h2>\n<p>[\/et_pb_text][\/et_pb_column][\/et_pb_row][\/et_pb_section][et_pb_section fb_built=\u00bb1&#8243; _builder_version=\u00bb4.18.0&#8243; _module_preset=\u00bbdefault\u00bb global_colors_info=\u00bb{}\u00bb][et_pb_row _builder_version=\u00bb4.18.0&#8243; _module_preset=\u00bbdefault\u00bb global_colors_info=\u00bb{}\u00bb][et_pb_column type=\u00bb4_4&#8243; _builder_version=\u00bb4.18.0&#8243; _module_preset=\u00bbdefault\u00bb global_colors_info=\u00bb{}\u00bb][\/et_pb_column][\/et_pb_row][\/et_pb_section]<\/p>\n","protected":false},"excerpt":{"rendered":"<p>Cont\u00e1ctanosCalle sin retorno y Gonzales Suarez Urbanizaci\u00f3n Martina 2Ratio de Respuesta Tienes alguna consulta o duda en la que podamos ayudarte? para una atenci\u00f3n m\u00e1s r\u00e1pida y personalizada cont\u00e1ctanos directamente a nuestro n\u00famero y nuestros asesores se comunicar\u00e1n contigo de inmediato.RideUn gusto atenderte<\/p>\n","protected":false},"author":1,"featured_media":0,"parent":0,"menu_order":0,"comment_status":"closed","ping_status":"closed","template":"","meta":{"_et_pb_use_builder":"on","_et_pb_old_content":"","_et_gb_content_width":"","content-type":"","om_disable_all_campaigns":false,"_monsterinsights_skip_tracking":false,"_monsterinsights_sitenote_active":false,"_monsterinsights_sitenote_note":"","_monsterinsights_sitenote_category":0,"footnotes":""},"class_list":["post-208804","page","type-page","status-publish","hentry"],"aioseo_notices":[],"_links":{"self":[{"href":"https:\/\/www.protesegecu.com\/index.php?rest_route=\/wp\/v2\/pages\/208804","targetHints":{"allow":["GET"]}}],"collection":[{"href":"https:\/\/www.protesegecu.com\/index.php?rest_route=\/wp\/v2\/pages"}],"about":[{"href":"https:\/\/www.protesegecu.com\/index.php?rest_route=\/wp\/v2\/types\/page"}],"author":[{"embeddable":true,"href":"https:\/\/www.protesegecu.com\/index.php?rest_route=\/wp\/v2\/users\/1"}],"replies":[{"embeddable":true,"href":"https:\/\/www.protesegecu.com\/index.php?rest_route=%2Fwp%2Fv2%2Fcomments&post=208804"}],"version-history":[{"count":0,"href":"https:\/\/www.protesegecu.com\/index.php?rest_route=\/wp\/v2\/pages\/208804\/revisions"}],"wp:attachment":[{"href":"https:\/\/www.protesegecu.com\/index.php?rest_route=%2Fwp%2Fv2%2Fmedia&parent=208804"}],"curies":[{"name":"wp","href":"https:\/\/api.w.org\/{rel}","templated":true}]}}