{"id":208938,"date":"2022-09-26T16:41:04","date_gmt":"2022-09-26T16:41:04","guid":{"rendered":"https:\/\/www.protesegecu.com\/?page_id=208938"},"modified":"2023-08-16T18:33:04","modified_gmt":"2023-08-16T18:33:04","slug":"equipo-forestal-2","status":"publish","type":"page","link":"https:\/\/www.protesegecu.com\/?page_id=208938","title":{"rendered":"Equipo Forestal"},"content":{"rendered":"<p>[et_pb_section fb_built=\u00bb1&#8243; fullwidth=\u00bbon\u00bb _builder_version=\u00bb4.18.0&#8243; _module_preset=\u00bbdefault\u00bb global_colors_info=\u00bb{}\u00bb][et_pb_fullwidth_image src=\u00bbhttps:\/\/www.protesegecu.com\/wp-content\/uploads\/2022\/09\/divisiones-vft.jpeg\u00bb _builder_version=\u00bb4.18.0&#8243; _module_preset=\u00bbdefault\u00bb global_colors_info=\u00bb{}\u00bb][\/et_pb_fullwidth_image][\/et_pb_section][et_pb_section fb_built=\u00bb1&#8243; specialty=\u00bbon\u00bb _builder_version=\u00bb4.18.0&#8243; _module_preset=\u00bbdefault\u00bb global_colors_info=\u00bb{}\u00bb][et_pb_column type=\u00bb1_2&#8243; specialty_columns=\u00bb2&#8243; _builder_version=\u00bb4.16&#8243; custom_padding=\u00bb|||\u00bb global_colors_info=\u00bb{}\u00bb custom_padding__hover=\u00bb|||\u00bb][et_pb_row_inner _builder_version=\u00bb4.18.0&#8243; _module_preset=\u00bbdefault\u00bb global_colors_info=\u00bb{}\u00bb][et_pb_column_inner saved_specialty_column_type=\u00bb1_2&#8243; _builder_version=\u00bb4.18.0&#8243; _module_preset=\u00bbdefault\u00bb global_colors_info=\u00bb{}\u00bb][et_pb_text _builder_version=\u00bb4.18.0&#8243; _module_preset=\u00bbdefault\u00bb inline_fonts=\u00bbArial\u00bb global_colors_info=\u00bb{}\u00bb]<\/p>\n<h1 id=\"firstHeading\" class=\"firstHeading mw-first-heading\"><span style=\"font-family: Arial; font-weight: normal;\"><strong><span class=\"mw-page-title-main\">Equipo de lucha contra incendios forestales<\/span><\/strong><\/span><\/h1>\n<p><span style=\"font-family: Arial;\"><\/span><\/p>\n<p><span style=\"font-family: Arial;\"><\/span><\/p>\n<h1><span style=\"font-family: Arial;\"><span style=\"font-size: large;\">La ropa y accesorios para combate forestal est\u00e1n dise\u00f1ados bajo 2 premisas: innovaci\u00f3n y calidad. Por lo que nuestros esfuerzos tanto en la manufactura, como tambi\u00e9n en la oferta de las herramientas que distribuimos, est\u00e1n enfocados a optimizar las tareas del combatiente con el objetivo de optimizar sus probabilidades de \u00e9xito en la extinci\u00f3n del fuego<\/span>.<\/span><\/h1>\n<p>[\/et_pb_text][\/et_pb_column_inner][\/et_pb_row_inner][\/et_pb_column][et_pb_column type=\u00bb1_2&#8243; _builder_version=\u00bb4.16&#8243; custom_padding=\u00bb|||\u00bb global_colors_info=\u00bb{}\u00bb custom_padding__hover=\u00bb|||\u00bb][et_pb_image src=\u00bbhttps:\/\/www.protesegecu.com\/wp-content\/uploads\/2022\/09\/equipo-forestal.jpeg\u00bb title_text=\u00bbequipo forestal\u00bb _builder_version=\u00bb4.18.0&#8243; _module_preset=\u00bbdefault\u00bb transform_scale=\u00bb133%|133%\u00bb transform_translate=\u00bb87px|49px\u00bb transform_translate_linked=\u00bboff\u00bb animation_style=\u00bbfade\u00bb global_colors_info=\u00bb{}\u00bb][\/et_pb_image][\/et_pb_column][\/et_pb_section][et_pb_section fb_built=\u00bb1&#8243; _builder_version=\u00bb4.18.0&#8243; _module_preset=\u00bbdefault\u00bb global_colors_info=\u00bb{}\u00bb][et_pb_row _builder_version=\u00bb4.18.0&#8243; _module_preset=\u00bbdefault\u00bb global_colors_info=\u00bb{}\u00bb][et_pb_column type=\u00bb4_4&#8243; _builder_version=\u00bb4.18.0&#8243; _module_preset=\u00bbdefault\u00bb global_colors_info=\u00bb{}\u00bb][\/et_pb_column][\/et_pb_row][\/et_pb_section][et_pb_section fb_built=\u00bb1&#8243; specialty=\u00bbon\u00bb _builder_version=\u00bb4.18.0&#8243; _module_preset=\u00bbdefault\u00bb global_colors_info=\u00bb{}\u00bb][et_pb_column type=\u00bb1_2&#8243; _builder_version=\u00bb4.16&#8243; custom_padding=\u00bb|||\u00bb global_colors_info=\u00bb{}\u00bb custom_padding__hover=\u00bb|||\u00bb][et_pb_image src=\u00bbhttps:\/\/www.protesegecu.com\/wp-content\/uploads\/2022\/09\/Proteccio\u0301n-respiratoria-bombero.jpeg\u00bb title_text=\u00bbProteccio\u0301n respiratoria bombero\u00bb _builder_version=\u00bb4.21.0&#8243; _module_preset=\u00bbdefault\u00bb transform_scale=\u00bb125%|125%\u00bb transform_translate=\u00bb-100px|0px\u00bb transform_translate_linked=\u00bboff\u00bb global_colors_info=\u00bb{}\u00bb][\/et_pb_image][\/et_pb_column][et_pb_column type=\u00bb1_2&#8243; specialty_columns=\u00bb2&#8243; _builder_version=\u00bb4.16&#8243; custom_padding=\u00bb|||\u00bb global_colors_info=\u00bb{}\u00bb custom_padding__hover=\u00bb|||\u00bb][et_pb_row_inner _builder_version=\u00bb4.18.0&#8243; _module_preset=\u00bbdefault\u00bb global_colors_info=\u00bb{}\u00bb][et_pb_column_inner saved_specialty_column_type=\u00bb1_2&#8243; _builder_version=\u00bb4.18.0&#8243; _module_preset=\u00bbdefault\u00bb global_colors_info=\u00bb{}\u00bb][et_pb_text _builder_version=\u00bb4.22.0&#8243; _module_preset=\u00bbdefault\u00bb link_option_url=\u00bbhttps:\/\/www.protesegecu.com\/?project=casco-de-bombero-forestal\u00bb hover_enabled=\u00bb0&#8243; inline_fonts=\u00bbArial\u00bb global_colors_info=\u00bb{}\u00bb sticky_enabled=\u00bb0&#8243;]<\/p>\n<h1 id=\"fx-page-subtitle\"><span style=\"font-family: Arial; font-weight: normal;\"><strong>Equipos de protecci\u00f3n individual y accesorios de auto protecci\u00f3n para bomberos forestales<\/strong><\/span><\/h1>\n<p><span style=\"font-family: Arial; font-weight: normal;\"><strong><\/strong><\/span><\/p>\n<p><span style=\"font-family: Arial; font-weight: normal;\"><strong>Equipos de protecci\u00f3n individual para bomberos forestales<\/strong> y accesorios para maniobras de autoprotecci\u00f3n desarrollados para ofrecer la m\u00e1xima seguridad y confort en el trabajo de los bombero profesionales en incendios forestales.<\/span><\/p>\n<p><strong><span style=\"font-family: Arial;\">Como son:<\/span><\/strong><\/p>\n<ul>\n<li>\n<h2><strong><span style=\"font-family: Arial;\">Cascos de Bombero <\/span><\/strong><\/h2>\n<\/li>\n<li>\n<h2><strong><span style=\"font-family: Arial;\">Gafas de Protecci\u00f3n <\/span><\/strong><\/h2>\n<\/li>\n<li>\n<h2><strong><span style=\"font-family: Arial;\">Ropa de Protecci\u00f3n <\/span><\/strong><\/h2>\n<\/li>\n<li>\n<h2><strong><span style=\"font-family: Arial;\">Protecci\u00f3n Respiratoria <\/span><\/strong><\/h2>\n<\/li>\n<li>\n<h2><strong><span style=\"font-family: Arial;\">Guantes de Bombero <\/span><\/strong><\/h2>\n<\/li>\n<li>\n<h2><strong><span style=\"font-family: Arial;\">Botas de Bombero <\/span><\/strong><\/h2>\n<\/li>\n<li>\n<h2><strong><span style=\"font-family: Arial;\">Mantas Ign\u00edfugas<\/span><\/strong><\/h2>\n<\/li>\n<\/ul>\n<p><span><\/span><\/p>\n<p>[\/et_pb_text][\/et_pb_column_inner][\/et_pb_row_inner][\/et_pb_column][\/et_pb_section][et_pb_section fb_built=\u00bb1&#8243; specialty=\u00bbon\u00bb _builder_version=\u00bb4.18.0&#8243; _module_preset=\u00bbdefault\u00bb global_colors_info=\u00bb{}\u00bb][et_pb_column type=\u00bb1_2&#8243; specialty_columns=\u00bb2&#8243; _builder_version=\u00bb4.16&#8243; custom_padding=\u00bb|||\u00bb global_colors_info=\u00bb{}\u00bb custom_padding__hover=\u00bb|||\u00bb][et_pb_row_inner _builder_version=\u00bb4.18.0&#8243; _module_preset=\u00bbdefault\u00bb global_colors_info=\u00bb{}\u00bb][et_pb_column_inner saved_specialty_column_type=\u00bb1_2&#8243; _builder_version=\u00bb4.18.0&#8243; _module_preset=\u00bbdefault\u00bb global_colors_info=\u00bb{}\u00bb][et_pb_text _builder_version=\u00bb4.18.0&#8243; _module_preset=\u00bbdefault\u00bb inline_fonts=\u00bbArial\u00bb global_colors_info=\u00bb{}\u00bb]<\/p>\n<h2 id=\"fx-page-subtitle\"><span style=\"font-family: Arial;\"><strong>Kits con bomba de alta presi\u00f3n dise\u00f1ados para veh\u00edculos PickUp y remolques<\/strong><\/span><\/h2>\n<p><span style=\"font-family: Arial;\"><\/span><\/p>\n<p><span style=\"font-family: Arial;\">Los<strong>\u00a0Kits de extinci\u00f3n de alta presi\u00f3n<\/strong>\u00a0Vallfirest est\u00e1n dise\u00f1ados para lucha contra incendios. Kits de alta presi\u00f3n fiables y con componentes de m\u00e1xima calidad en un dise\u00f1o compacto con un centro de gravedad muy bajo en dep\u00f3sito que permite adaptar estructuras portaherramientas con el objetivo de disponer de un veh\u00edculo multi-funcional. <\/span><\/p>\n<p><span style=\"font-family: Arial;\">Los kits de extinci\u00f3n de alta presi\u00f3n Vallfirest se adaptan a todos los modelos de veh\u00edculos 4&#215;4.<\/span><\/p>\n<p>[\/et_pb_text][\/et_pb_column_inner][\/et_pb_row_inner][\/et_pb_column][et_pb_column type=\u00bb1_2&#8243; _builder_version=\u00bb4.16&#8243; custom_padding=\u00bb|||\u00bb global_colors_info=\u00bb{}\u00bb custom_padding__hover=\u00bb|||\u00bb][et_pb_image src=\u00bbhttps:\/\/www.protesegecu.com\/wp-content\/uploads\/2022\/09\/kit-alta-presio\u0301n.jpg\u00bb title_text=\u00bbkit alta presio\u0301n\u00bb _builder_version=\u00bb4.21.0&#8243; _module_preset=\u00bbdefault\u00bb transform_scale=\u00bb126%|126%\u00bb transform_scale_linked=\u00bboff\u00bb transform_translate=\u00bb122px|11px\u00bb transform_translate_linked=\u00bboff\u00bb global_colors_info=\u00bb{}\u00bb][\/et_pb_image][\/et_pb_column][\/et_pb_section][et_pb_section fb_built=\u00bb1&#8243; specialty=\u00bbon\u00bb _builder_version=\u00bb4.18.0&#8243; _module_preset=\u00bbdefault\u00bb global_colors_info=\u00bb{}\u00bb][et_pb_column type=\u00bb1_2&#8243; _builder_version=\u00bb4.16&#8243; custom_padding=\u00bb|||\u00bb global_colors_info=\u00bb{}\u00bb custom_padding__hover=\u00bb|||\u00bb][et_pb_image src=\u00bbhttps:\/\/www.protesegecu.com\/wp-content\/uploads\/2022\/09\/motobomba-portatil.jpeg\u00bb title_text=\u00bbmotobomba portatil\u00bb _builder_version=\u00bb4.18.0&#8243; _module_preset=\u00bbdefault\u00bb global_colors_info=\u00bb{}\u00bb][\/et_pb_image][\/et_pb_column][et_pb_column type=\u00bb1_2&#8243; specialty_columns=\u00bb2&#8243; _builder_version=\u00bb4.16&#8243; custom_padding=\u00bb|||\u00bb global_colors_info=\u00bb{}\u00bb custom_padding__hover=\u00bb|||\u00bb][et_pb_row_inner _builder_version=\u00bb4.18.0&#8243; _module_preset=\u00bbdefault\u00bb global_colors_info=\u00bb{}\u00bb][et_pb_column_inner saved_specialty_column_type=\u00bb1_2&#8243; _builder_version=\u00bb4.18.0&#8243; _module_preset=\u00bbdefault\u00bb global_colors_info=\u00bb{}\u00bb][et_pb_text _builder_version=\u00bb4.18.0&#8243; _module_preset=\u00bbdefault\u00bb inline_fonts=\u00bbArial\u00bb global_colors_info=\u00bb{}\u00bb]<\/p>\n<h2 id=\"fx-page-subtitle\"><strong><span style=\"font-family: Arial;\">Motobombas<\/span><span style=\"font-family: Arial;\"> port\u00e1tiles de alta presi\u00f3n para incendios forestales<\/span><\/strong><\/h2>\n<p><span style=\"font-family: Arial; font-weight: normal;\"><\/span><\/p>\n<p><span style=\"font-family: Arial; font-weight: normal;\">Descubra nuestra gama de<strong>\u00a0motobombas port\u00e1tiles<\/strong>\u00a0de alta presi\u00f3n para incendios. <\/span><\/p>\n<p><span style=\"font-family: Arial; font-weight: normal;\">Ligeras, potentes, eficientes, duraderas, estas son s\u00f3lo algunas de las caracter\u00edsticas que describen nuestra gama de motobombas port\u00e1tiles de alta presi\u00f3n. <\/span><span style=\"font-family: Arial; font-weight: normal;\">Nuestras motobombas se pueden vender listas para instalar, en kit o en remolque.<\/span><\/p>\n<p><span style=\"font-family: Arial; font-weight: normal;\"><\/span><\/p>\n<div class=\"titles3 titles--black\">\n<div class=\"title\"><strong>Aplicaciones<\/strong><\/div>\n<div class=\"subtitle\"><\/div>\n<\/div>\n<ul>\n<li>Ataque directo con tendido de mangueras.<\/li>\n<li>Maniobras de autoprotecci\u00f3n con aspersores.<\/li>\n<li>Bombeo en t\u00e1ndem de motobombas a largas distancias.<\/li>\n<li>Lucha contra incendios a gran altura en zonas monta\u00f1osas.<\/li>\n<li>Bombeo paralelo para mayores vol\u00famenes.<\/li>\n<\/ul>\n<p>[\/et_pb_text][\/et_pb_column_inner][\/et_pb_row_inner][\/et_pb_column][\/et_pb_section][et_pb_section fb_built=\u00bb1&#8243; specialty=\u00bbon\u00bb _builder_version=\u00bb4.18.0&#8243; _module_preset=\u00bbdefault\u00bb global_colors_info=\u00bb{}\u00bb][et_pb_column type=\u00bb1_2&#8243; specialty_columns=\u00bb2&#8243; _builder_version=\u00bb4.16&#8243; custom_padding=\u00bb|||\u00bb global_colors_info=\u00bb{}\u00bb custom_padding__hover=\u00bb|||\u00bb][et_pb_row_inner _builder_version=\u00bb4.18.0&#8243; _module_preset=\u00bbdefault\u00bb global_colors_info=\u00bb{}\u00bb][et_pb_column_inner saved_specialty_column_type=\u00bb1_2&#8243; _builder_version=\u00bb4.18.0&#8243; _module_preset=\u00bbdefault\u00bb global_colors_info=\u00bb{}\u00bb][et_pb_text _builder_version=\u00bb4.18.0&#8243; _module_preset=\u00bbdefault\u00bb global_colors_info=\u00bb{}\u00bb]<\/p>\n<h1><strong>Herramientas Manuales<\/strong><\/h1>\n<p><strong><\/strong><\/p>\n<div class=\"_container _container--max900px\">\n<div class=\"content contentStyle\">\n<p>Las<strong><span>\u00a0<\/span>herramientas de extinci\u00f3n de incendios forestales<\/strong><span>\u00a0<\/span>como la Gorgui y la mochila extintora Vallfirest son una demostraci\u00f3n de la investigaci\u00f3n constante y el desarrollo de herramientas basadas en la ergonom\u00eda y la eficiencia en la extinci\u00f3n de incendios forestales.<\/p>\n<p>&nbsp;<\/p>\n<ul>\n<li>Sopladores<\/li>\n<li>Gorgui<\/li>\n<li>Antorchas de goteo<\/li>\n<li>Batefuegos<\/li>\n<li>Mcleod<\/li>\n<li>Pulaski<\/li>\n<li>Mangos<\/li>\n<li>Rastrillos<\/li>\n<li>Palas<\/li>\n<li>Machetes,sierras y hachas<\/li>\n<\/ul>\n<\/div>\n<\/div>\n<p>&nbsp;<\/p>\n<section class=\"featuredBoxes featuredBoxes--static _section _section--pad _noMrg _section--bigPadBot deco\">\n<div class=\"featuredBoxes__container _container\">\n<div class=\"_row _flex _flex--wrap \">\n<div class=\"featuredBoxes__box swiper-slide \">\n<div class=\"box _box\"><\/div>\n<\/div>\n<\/div>\n<\/div>\n<\/section>\n<p>[\/et_pb_text][\/et_pb_column_inner][\/et_pb_row_inner][\/et_pb_column][et_pb_column type=\u00bb1_2&#8243; _builder_version=\u00bb4.16&#8243; custom_padding=\u00bb|||\u00bb global_colors_info=\u00bb{}\u00bb custom_padding__hover=\u00bb|||\u00bb][et_pb_image src=\u00bbhttps:\/\/www.protesegecu.com\/wp-content\/uploads\/2022\/09\/Herramienta-multi-funcio\u0301n-Gorgui.jpeg\u00bb title_text=\u00bbHerramienta multi-funcio\u0301n Gorgui\u00bb _builder_version=\u00bb4.18.0&#8243; _module_preset=\u00bbdefault\u00bb transform_scale=\u00bb128%|128%\u00bb transform_translate=\u00bb50px|40px\u00bb transform_translate_linked=\u00bboff\u00bb global_colors_info=\u00bb{}\u00bb][\/et_pb_image][\/et_pb_column][\/et_pb_section][et_pb_section fb_built=\u00bb1&#8243; _builder_version=\u00bb4.21.0&#8243; _module_preset=\u00bbdefault\u00bb global_colors_info=\u00bb{}\u00bb][et_pb_row _builder_version=\u00bb4.21.0&#8243; _module_preset=\u00bbdefault\u00bb global_colors_info=\u00bb{}\u00bb][et_pb_column type=\u00bb4_4&#8243; _builder_version=\u00bb4.21.0&#8243; _module_preset=\u00bbdefault\u00bb global_colors_info=\u00bb{}\u00bb][et_pb_divider color=\u00bbRGBA(255,255,255,0)\u00bb _builder_version=\u00bb4.21.0&#8243; _module_preset=\u00bbdefault\u00bb global_colors_info=\u00bb{}\u00bb][\/et_pb_divider][\/et_pb_column][\/et_pb_row][\/et_pb_section][et_pb_section fb_built=\u00bb1&#8243; fullwidth=\u00bbon\u00bb _builder_version=\u00bb4.18.0&#8243; _module_preset=\u00bbdefault\u00bb global_colors_info=\u00bb{}\u00bb][et_pb_fullwidth_image src=\u00bbhttps:\/\/www.protesegecu.com\/wp-content\/uploads\/2022\/09\/productos-proteccion-para-bomberos-ecuador.jpg\u00bb title_text=\u00bbproductos proteccion para bomberos ecuador\u00bb _builder_version=\u00bb4.18.0&#8243; _module_preset=\u00bbdefault\u00bb global_colors_info=\u00bb{}\u00bb][\/et_pb_fullwidth_image][\/et_pb_section][et_pb_section fb_built=\u00bb1&#8243; _builder_version=\u00bb4.18.0&#8243; _module_preset=\u00bbdefault\u00bb global_colors_info=\u00bb{}\u00bb][et_pb_row _builder_version=\u00bb4.18.0&#8243; _module_preset=\u00bbdefault\u00bb global_colors_info=\u00bb{}\u00bb][et_pb_column type=\u00bb4_4&#8243; _builder_version=\u00bb4.18.0&#8243; _module_preset=\u00bbdefault\u00bb global_colors_info=\u00bb{}\u00bb][et_pb_divider show_divider=\u00bboff\u00bb _builder_version=\u00bb4.18.0&#8243; _module_preset=\u00bbdefault\u00bb global_colors_info=\u00bb{}\u00bb][\/et_pb_divider][\/et_pb_column][\/et_pb_row][\/et_pb_section][et_pb_section fb_built=\u00bb1&#8243; fullwidth=\u00bbon\u00bb _builder_version=\u00bb4.18.0&#8243; _module_preset=\u00bbdefault\u00bb transform_scale=\u00bb102%|110%\u00bb transform_scale_linked=\u00bboff\u00bb global_colors_info=\u00bb{}\u00bb][et_pb_fullwidth_portfolio include_categories=\u00bb14,59&#8243; _builder_version=\u00bb4.18.0&#8243; _module_preset=\u00bbdefault\u00bb transform_scale=\u00bb89%|89%\u00bb custom_margin=\u00bb6px||40px|||\u00bb global_colors_info=\u00bb{}\u00bb][\/et_pb_fullwidth_portfolio][\/et_pb_section][et_pb_section fb_built=\u00bb1&#8243; _builder_version=\u00bb4.18.0&#8243; _module_preset=\u00bbdefault\u00bb global_colors_info=\u00bb{}\u00bb][et_pb_row _builder_version=\u00bb4.18.0&#8243; _module_preset=\u00bbdefault\u00bb global_colors_info=\u00bb{}\u00bb][et_pb_column type=\u00bb4_4&#8243; _builder_version=\u00bb4.18.0&#8243; _module_preset=\u00bbdefault\u00bb global_colors_info=\u00bb{}\u00bb][et_pb_button button_url=\u00bbhttps:\/\/wa.me\/message\/ACUKX3RFZWQQM1&#8243; url_new_window=\u00bbon\u00bb button_text=\u00bbContactar\u00bb button_alignment=\u00bbcenter\u00bb _builder_version=\u00bb4.18.0&#8243; _module_preset=\u00bbdefault\u00bb custom_button=\u00bbon\u00bb button_text_color=\u00bb#000000&#8243; button_border_width=\u00bb2px\u00bb button_border_radius=\u00bb98px\u00bb button_letter_spacing=\u00bb1px\u00bb animation_style=\u00bbfade\u00bb box_shadow_style=\u00bbpreset1&#8243; box_shadow_blur=\u00bb22px\u00bb box_shadow_spread=\u00bb-6px\u00bb global_colors_info=\u00bb{}\u00bb][\/et_pb_button][\/et_pb_column][\/et_pb_row][\/et_pb_section][et_pb_section fb_built=\u00bb1&#8243; _builder_version=\u00bb4.18.0&#8243; _module_preset=\u00bbdefault\u00bb global_colors_info=\u00bb{}\u00bb][et_pb_row _builder_version=\u00bb4.18.0&#8243; _module_preset=\u00bbdefault\u00bb global_colors_info=\u00bb{}\u00bb][et_pb_column type=\u00bb4_4&#8243; _builder_version=\u00bb4.18.0&#8243; _module_preset=\u00bbdefault\u00bb global_colors_info=\u00bb{}\u00bb][et_pb_divider _builder_version=\u00bb4.18.0&#8243; _module_preset=\u00bbdefault\u00bb global_colors_info=\u00bb{}\u00bb][\/et_pb_divider][\/et_pb_column][\/et_pb_row][\/et_pb_section]<\/p>\n","protected":false},"excerpt":{"rendered":"<p>Equipo de lucha contra incendios forestales La ropa y accesorios para combate forestal est\u00e1n dise\u00f1ados bajo 2 premisas: innovaci\u00f3n y calidad. Por lo que nuestros esfuerzos tanto en la manufactura, como tambi\u00e9n en la oferta de las herramientas que distribuimos, est\u00e1n enfocados a optimizar las tareas del combatiente con el objetivo de optimizar sus probabilidades [&hellip;]<\/p>\n","protected":false},"author":1,"featured_media":0,"parent":0,"menu_order":0,"comment_status":"closed","ping_status":"closed","template":"","meta":{"_et_pb_use_builder":"on","_et_pb_old_content":"","_et_gb_content_width":"","content-type":"","om_disable_all_campaigns":false,"_monsterinsights_skip_tracking":false,"_monsterinsights_sitenote_active":false,"_monsterinsights_sitenote_note":"","_monsterinsights_sitenote_category":0,"footnotes":""},"class_list":["post-208938","page","type-page","status-publish","hentry"],"aioseo_notices":[],"_links":{"self":[{"href":"https:\/\/www.protesegecu.com\/index.php?rest_route=\/wp\/v2\/pages\/208938","targetHints":{"allow":["GET"]}}],"collection":[{"href":"https:\/\/www.protesegecu.com\/index.php?rest_route=\/wp\/v2\/pages"}],"about":[{"href":"https:\/\/www.protesegecu.com\/index.php?rest_route=\/wp\/v2\/types\/page"}],"author":[{"embeddable":true,"href":"https:\/\/www.protesegecu.com\/index.php?rest_route=\/wp\/v2\/users\/1"}],"replies":[{"embeddable":true,"href":"https:\/\/www.protesegecu.com\/index.php?rest_route=%2Fwp%2Fv2%2Fcomments&post=208938"}],"version-history":[{"count":3,"href":"https:\/\/www.protesegecu.com\/index.php?rest_route=\/wp\/v2\/pages\/208938\/revisions"}],"predecessor-version":[{"id":209208,"href":"https:\/\/www.protesegecu.com\/index.php?rest_route=\/wp\/v2\/pages\/208938\/revisions\/209208"}],"wp:attachment":[{"href":"https:\/\/www.protesegecu.com\/index.php?rest_route=%2Fwp%2Fv2%2Fmedia&parent=208938"}],"curies":[{"name":"wp","href":"https:\/\/api.w.org\/{rel}","templated":true}]}}