{"id":209401,"date":"2024-09-02T17:43:38","date_gmt":"2024-09-02T17:43:38","guid":{"rendered":"https:\/\/www.protesegecu.com\/?page_id=209401"},"modified":"2024-09-02T18:36:42","modified_gmt":"2024-09-02T18:36:42","slug":"eventos","status":"publish","type":"page","link":"https:\/\/www.protesegecu.com\/?page_id=209401","title":{"rendered":"Eventos"},"content":{"rendered":"<p>[et_pb_section fb_built=\u00bb1&#8243; admin_label=\u00bbSection\u00bb _builder_version=\u00bb4.27.0&#8243; _module_preset=\u00bbdefault\u00bb use_background_color_gradient=\u00bbon\u00bb background_color_gradient_direction=\u00bb210deg\u00bb background_color_gradient_stops=\u00bb#000000 30%|rgba(0,0,0,0) 100%\u00bb background_color_gradient_overlays_image=\u00bbon\u00bb background_image=\u00bbhttps:\/\/www.protesegecu.com\/wp-content\/uploads\/2024\/09\/EVENTO-EXTRICACION-MILAGRO.png\u00bb collapsed=\u00bbon\u00bb global_colors_info=\u00bb{}\u00bb][et_pb_row column_structure=\u00bb1_2,1_2&#8243; _builder_version=\u00bb4.17.4&#8243; _module_preset=\u00bbdefault\u00bb global_colors_info=\u00bb{}\u00bb][et_pb_column type=\u00bb1_2&#8243; _builder_version=\u00bb4.17.4&#8243; _module_preset=\u00bbdefault\u00bb custom_padding=\u00bb5%||||false|false\u00bb custom_padding_tablet=\u00bb0%||||false|false\u00bb custom_padding_phone=\u00bb0%||||false|false\u00bb custom_padding_last_edited=\u00bbon|tablet\u00bb global_colors_info=\u00bb{}\u00bb][et_pb_text _builder_version=\u00bb4.18.0&#8243; _module_preset=\u00bbe6504a1b-67eb-4b3d-b023-bcab277610b6&#8243; text_text_color=\u00bb#FFFFFF\u00bb header_font=\u00bb||||||||\u00bb header_text_color=\u00bb#FFFFFF\u00bb header_4_font=\u00bbInter|700||on|||||\u00bb header_4_text_color=\u00bb#F26440&#8243; header_4_font_size=\u00bb14px\u00bb header_4_letter_spacing=\u00bb1px\u00bb header_4_line_height=\u00bb1.4em\u00bb custom_margin=\u00bb||0px||false|false\u00bb global_colors_info=\u00bb{}\u00bb]<\/p>\n<h4><span style=\"color: #ffffff;\">PROTESEG &#8211; SEGURIDAD<\/span><\/h4>\n<p>[\/et_pb_text][et_pb_text _builder_version=\u00bb4.17.4&#8243; _module_preset=\u00bbc16985e1-e0d6-4022-964d-e2bfc04fa633&#8243; header_font=\u00bbInter|700|||||||\u00bb header_text_color=\u00bb#FFFFFF\u00bb header_font_size=\u00bb75px\u00bb header_line_height=\u00bb1.2em\u00bb header_font_size_tablet=\u00bb40px\u00bb header_font_size_phone=\u00bb24px\u00bb header_font_size_last_edited=\u00bbon|desktop\u00bb global_colors_info=\u00bb{}\u00bb]<\/p>\n<h1>Eventos<\/h1>\n<p>&nbsp;<\/p>\n<p>[\/et_pb_text][et_pb_text _builder_version=\u00bb4.18.0&#8243; _module_preset=\u00bb1f09816e-184e-4ce5-a4cf-b39c52c423ca\u00bb text_font=\u00bbOpen Sans||||||||\u00bb text_text_color=\u00bb#FFFFFF\u00bb text_font_size=\u00bb16px\u00bb text_line_height=\u00bb1.8em\u00bb link_text_color=\u00bb#F26440&#8243; transform_translate=\u00bb0px|-50px\u00bb transform_translate_linked=\u00bboff\u00bb text_font_size_tablet=\u00bb15px\u00bb text_font_size_phone=\u00bb14px\u00bb text_font_size_last_edited=\u00bbon|phone\u00bb header_font_size_tablet=\u00bb55px\u00bb header_font_size_last_edited=\u00bboff|desktop\u00bb global_colors_info=\u00bb{}\u00bb]<\/p>\n<p class=\"p1\">En Proteseg Seguridad, entendemos la importancia de mantener una conexi\u00f3n cercana con nuestros clientes y socios. Por eso, organizamos una serie de eventos de marketing a lo largo del a\u00f1o, dise\u00f1ados para mostrar nuestras \u00faltimas innovaciones, fortalecer relaciones y compartir conocimientos valiosos.<\/p>\n<p>[\/et_pb_text][\/et_pb_column][et_pb_column type=\u00bb1_2&#8243; _builder_version=\u00bb4.17.4&#8243; _module_preset=\u00bbdefault\u00bb global_colors_info=\u00bb{}\u00bb][et_pb_image src=\u00bbhttps:\/\/www.protesegecu.com\/wp-content\/uploads\/2022\/08\/prote2Mesa-de-trabajo-1@2x.png\u00bb alt=\u00bbPROTESEG SEGURIDAD\u00bb title_text=\u00bbLogo Proteseg\u00bb show_bottom_space=\u00bboff\u00bb align=\u00bbright\u00bb align_tablet=\u00bbcenter\u00bb align_phone=\u00bb\u00bb align_last_edited=\u00bbon|tablet\u00bb _builder_version=\u00bb4.18.0&#8243; _module_preset=\u00bbdefault\u00bb transform_scale=\u00bb118%|118%\u00bb transform_translate=\u00bb188px|-70px\u00bb transform_translate_linked=\u00bboff\u00bb z_index=\u00bb999&#8243; width=\u00bb60%\u00bb width_tablet=\u00bb60%\u00bb width_phone=\u00bb100%\u00bb width_last_edited=\u00bboff|phone\u00bb custom_margin=\u00bb||||false|false\u00bb animation_style=\u00bbfade\u00bb global_colors_info=\u00bb{}\u00bb][\/et_pb_image][\/et_pb_column][\/et_pb_row][\/et_pb_section][et_pb_section fb_built=\u00bb1&#8243; admin_label=\u00bbAbout\u00bb _builder_version=\u00bb4.17.4&#8243; _module_preset=\u00bbdefault\u00bb custom_margin=\u00bb83px|||||\u00bb custom_padding=\u00bb18px|||||\u00bb locked=\u00bboff\u00bb collapsed=\u00bbon\u00bb global_colors_info=\u00bb{}\u00bb min_height=\u00bb538.1px\u00bb][et_pb_row column_structure=\u00bb1_2,1_2&#8243; make_equal=\u00bbon\u00bb _builder_version=\u00bb4.27.0&#8243; _module_preset=\u00bbdefault\u00bb custom_padding=\u00bb||32px|||\u00bb global_colors_info=\u00bb{}\u00bb][et_pb_column type=\u00bb1_2&#8243; _builder_version=\u00bb4.17.4&#8243; _module_preset=\u00bbdefault\u00bb transform_scale_last_edited=\u00bboff|phone\u00bb transform_translate_last_edited=\u00bboff|phone\u00bb transform_rotate_last_edited=\u00bboff|phone\u00bb transform_skew_phone=\u00bb-10deg|0deg\u00bb transform_skew_last_edited=\u00bboff|phone\u00bb transform_origin_last_edited=\u00bboff|phone\u00bb transform_styles_last_edited=\u00bboff|phone\u00bb global_colors_info=\u00bb{}\u00bb][et_pb_text _builder_version=\u00bb4.17.4&#8243; _module_preset=\u00bbe6504a1b-67eb-4b3d-b023-bcab277610b6&#8243; header_4_font=\u00bbInter|700||on|||||\u00bb header_4_text_color=\u00bb#F26440&#8243; header_4_font_size=\u00bb14px\u00bb header_4_letter_spacing=\u00bb1px\u00bb header_4_line_height=\u00bb1.4em\u00bb custom_margin=\u00bb||0px||false|false\u00bb global_colors_info=\u00bb{}\u00bb]<\/p>\n<h4>EVENTOS RECIENTES<\/h4>\n<p>[\/et_pb_text][et_pb_text _builder_version=\u00bb4.17.4&#8243; _module_preset=\u00bbb327cbe4-b1d5-4b66-ad37-40c8f2f061ba\u00bb header_2_font=\u00bbInter|700|||||||\u00bb header_2_text_color=\u00bb#000000&#8243; header_2_font_size=\u00bb48px\u00bb header_2_line_height=\u00bb1.2em\u00bb header_2_font_size_tablet=\u00bb32px\u00bb header_2_font_size_phone=\u00bb20px\u00bb header_2_font_size_last_edited=\u00bbon|desktop\u00bb global_colors_info=\u00bb{}\u00bb]<\/p>\n<h2>PROTESEG\u00a0<\/h2>\n<p>[\/et_pb_text][et_pb_text _builder_version=\u00bb4.17.4&#8243; _module_preset=\u00bb4c43b4b6-66bf-432d-959a-705bda24a650&#8243; text_font=\u00bbOpen Sans||||||||\u00bb text_text_color=\u00bb#666666&#8243; text_line_height=\u00bb1.8em\u00bb header_font_size_tablet=\u00bb55px\u00bb header_font_size_last_edited=\u00bboff|desktop\u00bb global_colors_info=\u00bb{}\u00bb]<\/p>\n<p class=\"p1\"><strong>\u00danete a nosotros en nuestro pr\u00f3ximo evento<\/strong> y descubre c\u00f3mo Proteseg Seguridad sigue liderando en el mundo de la protecci\u00f3n y seguridad. \u00a1Mantente atento a nuestras actualizaciones para no perderte ninguna de nuestras <strong>pr\u00f3ximas experiencias<\/strong>!<\/p>\n<p>[\/et_pb_text][\/et_pb_column][et_pb_column type=\u00bb1_2&#8243; _builder_version=\u00bb4.17.4&#8243; _module_preset=\u00bbdefault\u00bb transform_scale_last_edited=\u00bboff|phone\u00bb transform_translate_last_edited=\u00bboff|phone\u00bb transform_rotate_last_edited=\u00bboff|phone\u00bb transform_skew_phone=\u00bb-10deg|0deg\u00bb transform_skew_last_edited=\u00bboff|phone\u00bb transform_origin_last_edited=\u00bboff|phone\u00bb transform_styles_last_edited=\u00bboff|phone\u00bb global_colors_info=\u00bb{}\u00bb][et_pb_image src=\u00bbhttps:\/\/www.protesegecu.com\/wp-content\/uploads\/2024\/09\/Cojines-de-levantamiento.png\u00bb _builder_version=\u00bb4.27.0&#8243; _module_preset=\u00bbdefault\u00bb title_text=\u00bbCojines-de-levantamiento\u00bb width=\u00bb69%\u00bb max_width=\u00bb71%\u00bb hover_enabled=\u00bb0&#8243; sticky_enabled=\u00bb0&#8243;][\/et_pb_image][\/et_pb_column][\/et_pb_row][\/et_pb_section][et_pb_section fb_built=\u00bb1&#8243; _builder_version=\u00bb4.27.0&#8243; _module_preset=\u00bbdefault\u00bb global_colors_info=\u00bb{}\u00bb min_height=\u00bb373.1px\u00bb][et_pb_row _builder_version=\u00bb4.27.0&#8243; _module_preset=\u00bbdefault\u00bb global_colors_info=\u00bb{}\u00bb][et_pb_column type=\u00bb4_4&#8243; _builder_version=\u00bb4.27.0&#8243; _module_preset=\u00bbdefault\u00bb global_colors_info=\u00bb{}\u00bb][et_pb_heading title=\u00bb\u00daltimo Evento\u00bb _builder_version=\u00bb4.27.0&#8243; _module_preset=\u00bbdefault\u00bb global_colors_info=\u00bb{}\u00bb][\/et_pb_heading][et_pb_text _builder_version=\u00bb4.27.0&#8243; _module_preset=\u00bbdefault\u00bb global_colors_info=\u00bb{}\u00bb]<\/p>\n<p class=\"p1\">En nuestro \u00faltimo evento, celebrado en la <strong>prestigiosa Academia Crnl. Gabriel G\u00f3mez S\u00e1nchez en Guayaquil<\/strong>, <strong>Proteseg<\/strong> <strong>Seguridad<\/strong>, en colaboraci\u00f3n con <strong>Vallfirest<\/strong>, tuvo el honor de realizar una <strong>significativa donaci\u00f3n de equipamiento forestal.<\/strong> Durante esta jornada especial, entregamos cascos, trajes, motobombas, y souvenirs<\/p>\n<p class=\"p2\">\n<p class=\"p1\">Durante la jornada, se realizaron demostraciones en vivo de los equipos donados, subrayando su <b>eficacia en incendios forestales<\/b> y su importancia en la <b>seguridad de los bomberos<\/b>. Adem\u00e1s, los participantes recibieron regalos adicionales, demostrando nuestro continuo apoyo a quienes est\u00e1n en la primera l\u00ednea de defensa contra los incendios forestales.<\/p>\n<p class=\"p2\">\n<p class=\"p1\">Este evento no solo fortaleci\u00f3 nuestra relaci\u00f3n con la comunidad de bomberos, sino que tambi\u00e9n destac\u00f3 a Proteseg Seguridad como un l\u00edder en la <b>venta de equipos de protecci\u00f3n contra incendios<\/b>. Nos enorgullece contribuir al <b>fortalecimiento de la seguridad forestal<\/b> en el pa\u00eds, asegurando que nuestros h\u00e9roes est\u00e9n equipados con las mejores herramientas disponibles.<\/p>\n<p>[\/et_pb_text][\/et_pb_column][\/et_pb_row][\/et_pb_section][et_pb_section fb_built=\u00bb1&#8243; _builder_version=\u00bb4.27.0&#8243; _module_preset=\u00bbdefault\u00bb custom_margin=\u00bb-63px|||||\u00bb global_colors_info=\u00bb{}\u00bb][et_pb_row column_structure=\u00bb2_3,1_3&#8243; _builder_version=\u00bb4.27.0&#8243; _module_preset=\u00bbdefault\u00bb global_colors_info=\u00bb{}\u00bb][et_pb_column type=\u00bb2_3&#8243; _builder_version=\u00bb4.27.0&#8243; _module_preset=\u00bbdefault\u00bb global_colors_info=\u00bb{}\u00bb][et_pb_image src=\u00bbhttps:\/\/www.protesegecu.com\/wp-content\/uploads\/2024\/09\/VALLFIREST-ECUADOR.png\u00bb title_text=\u00bbVALLFIREST ECUADOR\u00bb _builder_version=\u00bb4.27.0&#8243; _module_preset=\u00bbdefault\u00bb global_colors_info=\u00bb{}\u00bb][\/et_pb_image][\/et_pb_column][et_pb_column type=\u00bb1_3&#8243; _builder_version=\u00bb4.27.0&#8243; _module_preset=\u00bbdefault\u00bb global_colors_info=\u00bb{}\u00bb][et_pb_text _builder_version=\u00bb4.27.0&#8243; _module_preset=\u00bbdefault\u00bb global_colors_info=\u00bb{}\u00bb]<\/p>\n<p class=\"p1\">\u00a1Gracias por acompa\u00f1arnos en el evento en la Academia Crnl. Gabriel G\u00f3mez S\u00e1nchez!\u00a0<\/p>\n<p class=\"p1\">\n<p class=\"p1\">Puedes <strong>descargar las fotos del evento<\/strong> aqu\u00ed:<\/p>\n<p>[\/et_pb_text][et_pb_button button_url=\u00bbhttps:\/\/drive.google.com\/drive\/folders\/1s2BcJSdBY36zHmuZtiNtajJP2bSKbSgf?usp=sharing\u00bb button_text=\u00bbIr a las Fotos\u00bb button_alignment=\u00bbleft\u00bb _builder_version=\u00bb4.27.0&#8243; _module_preset=\u00bbdefault\u00bb custom_button=\u00bbon\u00bb button_text_color=\u00bb#FFFFFF\u00bb button_bg_color=\u00bb#000000&#8243; button_border_width=\u00bb0px\u00bb button_border_radius=\u00bb66px\u00bb button_icon=\u00bb&#xe075;||divi||400&#8243; button_icon_color=\u00bb#FFFFFF\u00bb animation_style=\u00bbfade\u00bb global_colors_info=\u00bb{}\u00bb][\/et_pb_button][\/et_pb_column][\/et_pb_row][\/et_pb_section][et_pb_section fb_built=\u00bb1&#8243; admin_label=\u00bbServices\u00bb _builder_version=\u00bb4.18.0&#8243; _module_preset=\u00bbdefault\u00bb background_color=\u00bb#000000&#8243; use_background_color_gradient=\u00bbon\u00bb background_color_gradient_stops=\u00bbrgba(0,0,0,0.8) 0%|rgba(0,0,0,0.8) 100%\u00bb background_color_gradient_overlays_image=\u00bbon\u00bb background_image=\u00bbhttps:\/\/www.protesegecu.com\/wp-content\/uploads\/2022\/08\/VILLFIREST_fotos-22-scaled.jpg\u00bb custom_padding=\u00bb0px||0px||false|false\u00bb collapsed=\u00bbon\u00bb global_colors_info=\u00bb{}\u00bb][et_pb_row column_structure=\u00bb1_2,1_2&#8243; _builder_version=\u00bb4.17.4&#8243; _module_preset=\u00bbdefault\u00bb custom_padding=\u00bb0px||||false|false\u00bb global_colors_info=\u00bb{}\u00bb][et_pb_column type=\u00bb1_2&#8243; _builder_version=\u00bb4.17.4&#8243; _module_preset=\u00bbdefault\u00bb custom_padding=\u00bb10%||||false|false\u00bb global_colors_info=\u00bb{}\u00bb][et_pb_text _builder_version=\u00bb4.17.4&#8243; _module_preset=\u00bbc8b0b82a-0071-4096-bca4-d68450b57dc9&#8243; header_2_font=\u00bbInter|700|||||||\u00bb header_2_text_color=\u00bb#FFFFFF\u00bb header_2_font_size=\u00bb75px\u00bb header_2_line_height=\u00bb1.2em\u00bb header_2_font_size_tablet=\u00bb40px\u00bb header_2_font_size_phone=\u00bb24px\u00bb header_2_font_size_last_edited=\u00bbon|desktop\u00bb locked=\u00bboff\u00bb global_colors_info=\u00bb{}\u00bb]<\/p>\n<h2>NUESTRAS MARCAS<\/h2>\n<p>&nbsp;<\/p>\n<p>[\/et_pb_text][\/et_pb_column][et_pb_column type=\u00bb1_2&#8243; _builder_version=\u00bb4.17.4&#8243; _module_preset=\u00bbdefault\u00bb global_colors_info=\u00bb{}\u00bb][et_pb_image src=\u00bbhttps:\/\/www.protesegecu.com\/wp-content\/uploads\/2022\/09\/VALLFIREST-ECUADOR.jpeg\u00bb title_text=\u00bbVALLFIREST ECUADOR\u00bb align=\u00bbcenter\u00bb _builder_version=\u00bb4.18.0&#8243; _module_preset=\u00bbdefault\u00bb transform_scale=\u00bb133%|133%\u00bb transform_translate=\u00bb90px|101px\u00bb transform_translate_linked=\u00bboff\u00bb width=\u00bb100%\u00bb max_width_last_edited=\u00bboff|tablet\u00bb max_height_tablet=\u00bb450px\u00bb max_height_phone=\u00bb450px\u00bb max_height_last_edited=\u00bbon|tablet\u00bb custom_margin=\u00bb||-65%||false|false\u00bb custom_margin_tablet=\u00bb||0%||false|false\u00bb custom_margin_phone=\u00bb||0%||false|false\u00bb custom_margin_last_edited=\u00bbon|tablet\u00bb animation_style=\u00bbzoom\u00bb locked=\u00bboff\u00bb global_colors_info=\u00bb{}\u00bb][\/et_pb_image][\/et_pb_column][\/et_pb_row][et_pb_row column_structure=\u00bb1_2,1_2&#8243; custom_padding_last_edited=\u00bbon|tablet\u00bb _builder_version=\u00bb4.18.0&#8243; _module_preset=\u00bbdefault\u00bb custom_padding_tablet=\u00bb||0px||false|false\u00bb custom_padding_phone=\u00bb||0px||false|false\u00bb global_colors_info=\u00bb{}\u00bb][et_pb_column type=\u00bb1_2&#8243; _builder_version=\u00bb4.17.4&#8243; _module_preset=\u00bbdefault\u00bb global_colors_info=\u00bb{}\u00bb][et_pb_text _builder_version=\u00bb4.18.0&#8243; _module_preset=\u00bb4c43b4b6-66bf-432d-959a-705bda24a650&#8243; text_font=\u00bbOpen Sans||||||||\u00bb text_text_color=\u00bbrgba(255,255,255,0.7)\u00bb text_line_height=\u00bb1.8em\u00bb header_font_size_tablet=\u00bb55px\u00bb header_font_size_last_edited=\u00bboff|desktop\u00bb global_colors_info=\u00bb{}\u00bb]<\/p>\n<p><span>Representamos en Ecuador a las marcas m\u00e1s reconocidas y significativas a nivel mundial. Importamos y distribuimos directamente de los fabricantes, garantizando a nuestros clientes un portafolio variado y una amplia gama de productos.<\/span><\/p>\n<p>[\/et_pb_text][\/et_pb_column][et_pb_column type=\u00bb1_2&#8243; _builder_version=\u00bb4.17.4&#8243; _module_preset=\u00bbdefault\u00bb global_colors_info=\u00bb{}\u00bb][\/et_pb_column][\/et_pb_row][et_pb_row column_structure=\u00bb1_2,1_2&#8243; custom_padding_last_edited=\u00bbon|phone\u00bb _builder_version=\u00bb4.18.0&#8243; _module_preset=\u00bbdefault\u00bb custom_margin=\u00bb||||false|false\u00bb custom_padding=\u00bb||0px||false|false\u00bb custom_padding_tablet=\u00bb||30px||false|false\u00bb custom_padding_phone=\u00bb||||false|false\u00bb global_colors_info=\u00bb{}\u00bb][et_pb_column type=\u00bb1_2&#8243; _builder_version=\u00bb4.17.4&#8243; _module_preset=\u00bbdefault\u00bb global_colors_info=\u00bb{}\u00bb][et_pb_image src=\u00bbhttps:\/\/www.protesegecu.com\/wp-content\/uploads\/2022\/08\/marcas_Mesa-de-trabajo-1.png\u00bb title_text=\u00bbmarcas_proteseg\u00bb _builder_version=\u00bb4.18.0&#8243; _module_preset=\u00bbdefault\u00bb global_colors_info=\u00bb{}\u00bb][\/et_pb_image][\/et_pb_column][et_pb_column type=\u00bb1_2&#8243; _builder_version=\u00bb4.17.4&#8243; _module_preset=\u00bbdefault\u00bb global_colors_info=\u00bb{}\u00bb][\/et_pb_column][\/et_pb_row][\/et_pb_section][et_pb_section fb_built=\u00bb1&#8243; fullwidth=\u00bbon\u00bb _builder_version=\u00bb4.27.0&#8243; _module_preset=\u00bbdefault\u00bb global_colors_info=\u00bb{}\u00bb][et_pb_fullwidth_image src=\u00bbhttps:\/\/www.protesegecu.com\/wp-content\/uploads\/2024\/09\/curso-rescate-vehicular.png\u00bb title_text=\u00bbcurso-rescate-vehicular\u00bb _builder_version=\u00bb4.27.0&#8243; _module_preset=\u00bbdefault\u00bb global_colors_info=\u00bb{}\u00bb][\/et_pb_fullwidth_image][\/et_pb_section][et_pb_section fb_built=\u00bb1&#8243; admin_label=\u00bbFooter\u00bb _builder_version=\u00bb4.17.4&#8243; _module_preset=\u00bbdefault\u00bb background_color=\u00bb#F3F3F3&#8243; saved_tabs=\u00bball\u00bb collapsed=\u00bbon\u00bb global_colors_info=\u00bb{}\u00bb][\/et_pb_section]<\/p>\n","protected":false},"excerpt":{"rendered":"<p>PROTESEG &#8211; SEGURIDADEventos &nbsp;En Proteseg Seguridad, entendemos la importancia de mantener una conexi\u00f3n cercana con nuestros clientes y socios. Por eso, organizamos una serie de eventos de marketing a lo largo del a\u00f1o, dise\u00f1ados para mostrar nuestras \u00faltimas innovaciones, fortalecer relaciones y compartir conocimientos valiosos.EVENTOS RECIENTESPROTESEG\u00a0\u00danete a nosotros en nuestro pr\u00f3ximo evento y descubre c\u00f3mo [&hellip;]<\/p>\n","protected":false},"author":1,"featured_media":0,"parent":0,"menu_order":0,"comment_status":"closed","ping_status":"closed","template":"","meta":{"_et_pb_use_builder":"on","_et_pb_old_content":"","_et_gb_content_width":"","content-type":"","om_disable_all_campaigns":false,"_monsterinsights_skip_tracking":false,"_monsterinsights_sitenote_active":false,"_monsterinsights_sitenote_note":"","_monsterinsights_sitenote_category":0,"footnotes":""},"class_list":["post-209401","page","type-page","status-publish","hentry"],"aioseo_notices":[],"_links":{"self":[{"href":"https:\/\/www.protesegecu.com\/index.php?rest_route=\/wp\/v2\/pages\/209401","targetHints":{"allow":["GET"]}}],"collection":[{"href":"https:\/\/www.protesegecu.com\/index.php?rest_route=\/wp\/v2\/pages"}],"about":[{"href":"https:\/\/www.protesegecu.com\/index.php?rest_route=\/wp\/v2\/types\/page"}],"author":[{"embeddable":true,"href":"https:\/\/www.protesegecu.com\/index.php?rest_route=\/wp\/v2\/users\/1"}],"replies":[{"embeddable":true,"href":"https:\/\/www.protesegecu.com\/index.php?rest_route=%2Fwp%2Fv2%2Fcomments&post=209401"}],"version-history":[{"count":3,"href":"https:\/\/www.protesegecu.com\/index.php?rest_route=\/wp\/v2\/pages\/209401\/revisions"}],"predecessor-version":[{"id":209411,"href":"https:\/\/www.protesegecu.com\/index.php?rest_route=\/wp\/v2\/pages\/209401\/revisions\/209411"}],"wp:attachment":[{"href":"https:\/\/www.protesegecu.com\/index.php?rest_route=%2Fwp%2Fv2%2Fmedia&parent=209401"}],"curies":[{"name":"wp","href":"https:\/\/api.w.org\/{rel}","templated":true}]}}